{"id":3,"date":"2023-10-11T13:01:39","date_gmt":"2023-10-11T16:01:39","guid":{"rendered":"http:\/\/lifesom.com.br\/?page_id=3"},"modified":"2023-10-16T11:30:15","modified_gmt":"2023-10-16T14:30:15","slug":"politica-de-privacidade","status":"publish","type":"page","link":"https:\/\/lifesom.com.br\/?page_id=3","title":{"rendered":"Pol\u00edtica de privacidade"},"content":{"rendered":"\t\t<div data-elementor-type=\"wp-page\" data-elementor-id=\"3\" class=\"elementor elementor-3\">\n\t\t\t\t\t\t\t<div class=\"elementor-element elementor-element-5f73f34f e-flex e-con-boxed e-con e-parent\" data-id=\"5f73f34f\" data-element_type=\"container\" data-settings=\"{&quot;content_width&quot;:&quot;boxed&quot;}\" data-core-v316-plus=\"true\">\n\t\t\t\t\t<div class=\"e-con-inner\">\n\t\t\t\t<div class=\"elementor-element elementor-element-5f379585 elementor-widget elementor-widget-text-editor\" data-id=\"5f379585\" data-element_type=\"widget\" data-widget_type=\"text-editor.default\">\n\t\t\t\t<div class=\"elementor-widget-container\">\n\t\t\t<style>\/*! elementor - v3.16.0 - 09-10-2023 *\/\n.elementor-widget-text-editor.elementor-drop-cap-view-stacked .elementor-drop-cap{background-color:#69727d;color:#fff}.elementor-widget-text-editor.elementor-drop-cap-view-framed .elementor-drop-cap{color:#69727d;border:3px solid;background-color:transparent}.elementor-widget-text-editor:not(.elementor-drop-cap-view-default) .elementor-drop-cap{margin-top:8px}.elementor-widget-text-editor:not(.elementor-drop-cap-view-default) .elementor-drop-cap-letter{width:1em;height:1em}.elementor-widget-text-editor .elementor-drop-cap{float:left;text-align:center;line-height:1;font-size:50px}.elementor-widget-text-editor .elementor-drop-cap-letter{display:inline-block}<\/style>\t\t\t\t<p><!-- wp:heading --><\/p>\n<p>Todas as suas informa\u00e7\u00f5es pessoais recolhidas ser\u00e3o usadas para o ajudar a tornar a sua visita no nosso site o mais produtiva e agrad\u00e1vel poss\u00edvel.<\/p>\n<p>A garantia da confidencialidade dos dados pessoais dos utilizadores do nosso site \u00e9 importante para a Lifesom.<\/p>\n<p>Todas as informa\u00e7\u00f5es pessoais relativas a membros, assinantes, clientes ou visitantes que usem o site da Lifesom\u00a0ser\u00e3o tratadas em concord\u00e2ncia com a Lei da Prote\u00e7\u00e3o de Dados Pessoais de 26 de outubro de 1998 (Lei n.\u00ba 67\/98).<\/p>\n<p>A informa\u00e7\u00e3o pessoal recolhida pode incluir o seu nome, e-mail, n\u00famero de telefone e\/ou celular, morada, data de nascimento e\/ou outros.<\/p>\n<p>O uso do site da Lifesom\u00a0pressup\u00f5e a aceita\u00e7\u00e3o deste Acordo de Privacidade. A equipe da Lifesom\u00a0reserva-se ao direito de alterar este acordo sem aviso pr\u00e9vio. Deste modo, recomendamos que consulte a nossa Pol\u00edtica de Privacidade com regularidade de forma a estar sempre atualizado.<\/p>\n<p><strong>Os An\u00fancios<\/strong><br \/>Tal como outros websites, coletamos e utilizamos informa\u00e7\u00e3o contida nos an\u00fancios. A informa\u00e7\u00e3o contida nos an\u00fancios, inclui o seu endere\u00e7o IP (Internet Protocol), o seu ISP (Internet Service Provider, como o Sapo, Clix, ou outro), o browser que utilizou ao visitar o nosso website (como o Internet Explorer, Firefox ou Chrome), o tempo da sua visita e que p\u00e1ginas visitou dentro do nosso website.<\/p>\n<p><strong>Os Cookies e Web Beacons<\/strong><br \/>Utilizamos cookies para armazenar informa\u00e7\u00e3o, tais como as suas prefer\u00eancias pessoas quando visita o nosso website. Isto poder\u00e1 incluir um simples pop-up, ou uma liga\u00e7\u00e3o em v\u00e1rios servi\u00e7os que providenciamos, tais como f\u00f3runs.<\/p>\n<p>Em adi\u00e7\u00e3o, tamb\u00e9m utilizamos publicidade de terceiros no nosso website para suportar os custos de manuten\u00e7\u00e3o. Alguns destes publicit\u00e1rios poder\u00e3o utilizar tecnologias como os cookies e\/ou web beacons quando publicitam no nosso website, o que far\u00e1 com que esses publicit\u00e1rios (como o Google atrav\u00e9s do Google AdSense) tamb\u00e9m recebam a sua informa\u00e7\u00e3o pessoal, como o endere\u00e7o IP, o seu ISP, o seu browser, etc. Esta fun\u00e7\u00e3o \u00e9 geralmente utilizada para geotargeting (mostrar publicidade de Lisboa apenas aos leitores oriundos de Lisboa, por exemplo) ou apresentar publicidade direcionada a um tipo de utilizador (como mostrar publicidade de restaurante a um utilizador que visita sites de culin\u00e1ria regularmente, por exemplo).<\/p>\n<p>Voc\u00ea det\u00e9m o poder de desligar os seus cookies, nas op\u00e7\u00f5es do seu browser, ou efetuando altera\u00e7\u00f5es nas ferramentas de programas Antiv\u00edrus. No entanto, isso poder\u00e1 alterar a forma como interage com o nosso website ou outros websites. Isso poder\u00e1 afetar ou n\u00e3o permitir que fa\u00e7a logins em programas, sites ou f\u00f3runs da nossa e de outras redes.<\/p>\n<p><strong>Liga\u00e7\u00f5es a Sites de Terceiros<\/strong><br \/>O site da Lifesom\u00a0possui liga\u00e7\u00f5es para outros sites, os quais, a nosso ver, podem conter informa\u00e7\u00f5es \/ ferramentas \u00fateis para os nossos visitantes. A nossa Pol\u00edtica de Privacidade n\u00e3o \u00e9 aplicada a sites de terceiros, pelo que, caso visite outro site a partir do nosso, dever\u00e1 ler a Pol\u00edtica de Privacidade do mesmo. N\u00e3o nos responsabilizamos pela Pol\u00edtica de Privacidade ou conte\u00fado presente nesses mesmos sites.<\/p>\n<p><!-- \/wp:paragraph --><\/p>\t\t\t\t\t\t<\/div>\n\t\t\t\t<\/div>\n\t\t\t\t\t<\/div>\n\t\t\t\t<\/div>\n\t\t\t\t\t\t\t<\/div>\n\t\t","protected":false},"excerpt":{"rendered":"<p>Todas as suas informa\u00e7\u00f5es pessoais recolhidas ser\u00e3o usadas para o ajudar a tornar a sua visita no nosso site o mais produtiva e agrad\u00e1vel poss\u00edvel. A garantia da confidencialidade dos dados pessoais dos utilizadores do nosso site \u00e9 importante para a Lifesom. Todas as informa\u00e7\u00f5es pessoais relativas a membros, assinantes, clientes ou visitantes que usem &hellip;<\/p>\n<p class=\"read-more\"> <a class=\"\" href=\"https:\/\/lifesom.com.br\/?page_id=3\"> <span class=\"screen-reader-text\">Pol\u00edtica de privacidade<\/span> Read More &raquo;<\/a><\/p>\n","protected":false},"author":1,"featured_media":0,"parent":0,"menu_order":0,"comment_status":"closed","ping_status":"closed","template":"","meta":{"site-sidebar-layout":"default","site-content-layout":"","ast-site-content-layout":"default","site-content-style":"default","site-sidebar-style":"default","ast-global-header-display":"","ast-banner-title-visibility":"","ast-main-header-display":"","ast-hfb-above-header-display":"","ast-hfb-below-header-display":"","ast-hfb-mobile-header-display":"","site-post-title":"","ast-breadcrumbs-content":"","ast-featured-img":"","footer-sml-layout":"","theme-transparent-header-meta":"","adv-header-id-meta":"","stick-header-meta":"","header-above-stick-meta":"","header-main-stick-meta":"","header-below-stick-meta":"","astra-migrate-meta-layouts":"set","footnotes":""},"yoast_head":"<!-- This site is optimized with the Yoast SEO plugin v21.3 - https:\/\/yoast.com\/wordpress\/plugins\/seo\/ -->\n<title>Pol\u00edtica de privacidade - lifesom.com.br<\/title>\n<meta name=\"robots\" content=\"index, follow, max-snippet:-1, max-image-preview:large, max-video-preview:-1\" \/>\n<link rel=\"canonical\" href=\"https:\/\/lifesom.com.br\/?page_id=3\" \/>\n<meta property=\"og:locale\" content=\"en_US\" \/>\n<meta property=\"og:type\" content=\"article\" \/>\n<meta property=\"og:title\" content=\"Pol\u00edtica de privacidade - lifesom.com.br\" \/>\n<meta property=\"og:description\" content=\"Todas as suas informa\u00e7\u00f5es pessoais recolhidas ser\u00e3o usadas para o ajudar a tornar a sua visita no nosso site o mais produtiva e agrad\u00e1vel poss\u00edvel. A garantia da confidencialidade dos dados pessoais dos utilizadores do nosso site \u00e9 importante para a Lifesom. Todas as informa\u00e7\u00f5es pessoais relativas a membros, assinantes, clientes ou visitantes que usem &hellip; Pol\u00edtica de privacidade Read More &raquo;\" \/>\n<meta property=\"og:url\" content=\"https:\/\/lifesom.com.br\/?page_id=3\" \/>\n<meta property=\"og:site_name\" content=\"lifesom.com.br\" \/>\n<meta property=\"article:modified_time\" content=\"2023-10-16T14:30:15+00:00\" \/>\n<meta name=\"twitter:card\" content=\"summary_large_image\" \/>\n<meta name=\"twitter:label1\" content=\"Est. reading time\" \/>\n\t<meta name=\"twitter:data1\" content=\"3 minutes\" \/>\n<script type=\"application\/ld+json\" class=\"yoast-schema-graph\">{\"@context\":\"https:\/\/schema.org\",\"@graph\":[{\"@type\":\"WebPage\",\"@id\":\"https:\/\/lifesom.com.br\/?page_id=3\",\"url\":\"https:\/\/lifesom.com.br\/?page_id=3\",\"name\":\"Pol\u00edtica de privacidade - lifesom.com.br\",\"isPartOf\":{\"@id\":\"https:\/\/lifesom.com.br\/#website\"},\"datePublished\":\"2023-10-11T16:01:39+00:00\",\"dateModified\":\"2023-10-16T14:30:15+00:00\",\"breadcrumb\":{\"@id\":\"https:\/\/lifesom.com.br\/?page_id=3#breadcrumb\"},\"inLanguage\":\"en-US\",\"potentialAction\":[{\"@type\":\"ReadAction\",\"target\":[\"https:\/\/lifesom.com.br\/?page_id=3\"]}]},{\"@type\":\"BreadcrumbList\",\"@id\":\"https:\/\/lifesom.com.br\/?page_id=3#breadcrumb\",\"itemListElement\":[{\"@type\":\"ListItem\",\"position\":1,\"name\":\"Home\",\"item\":\"https:\/\/lifesom.com.br\/\"},{\"@type\":\"ListItem\",\"position\":2,\"name\":\"Pol\u00edtica de privacidade\"}]},{\"@type\":\"WebSite\",\"@id\":\"https:\/\/lifesom.com.br\/#website\",\"url\":\"https:\/\/lifesom.com.br\/\",\"name\":\"lifesom.com.br\",\"description\":\"Lifesom Aparelhos Auditivos\",\"publisher\":{\"@id\":\"https:\/\/lifesom.com.br\/#organization\"},\"potentialAction\":[{\"@type\":\"SearchAction\",\"target\":{\"@type\":\"EntryPoint\",\"urlTemplate\":\"https:\/\/lifesom.com.br\/?s={search_term_string}\"},\"query-input\":\"required name=search_term_string\"}],\"inLanguage\":\"en-US\"},{\"@type\":\"Organization\",\"@id\":\"https:\/\/lifesom.com.br\/#organization\",\"name\":\"lifesom.com.br\",\"url\":\"https:\/\/lifesom.com.br\/\",\"logo\":{\"@type\":\"ImageObject\",\"inLanguage\":\"en-US\",\"@id\":\"https:\/\/lifesom.com.br\/#\/schema\/logo\/image\/\",\"url\":\"https:\/\/lifesom.com.br\/wp-content\/uploads\/2021\/07\/Logo_Lifesom_cores_novas_page-0001-removebg-preview.png\",\"contentUrl\":\"https:\/\/lifesom.com.br\/wp-content\/uploads\/2021\/07\/Logo_Lifesom_cores_novas_page-0001-removebg-preview.png\",\"width\":594,\"height\":420,\"caption\":\"lifesom.com.br\"},\"image\":{\"@id\":\"https:\/\/lifesom.com.br\/#\/schema\/logo\/image\/\"}}]}<\/script>\n<!-- \/ Yoast SEO plugin. -->","yoast_head_json":{"title":"Pol\u00edtica de privacidade - lifesom.com.br","robots":{"index":"index","follow":"follow","max-snippet":"max-snippet:-1","max-image-preview":"max-image-preview:large","max-video-preview":"max-video-preview:-1"},"canonical":"https:\/\/lifesom.com.br\/?page_id=3","og_locale":"en_US","og_type":"article","og_title":"Pol\u00edtica de privacidade - lifesom.com.br","og_description":"Todas as suas informa\u00e7\u00f5es pessoais recolhidas ser\u00e3o usadas para o ajudar a tornar a sua visita no nosso site o mais produtiva e agrad\u00e1vel poss\u00edvel. A garantia da confidencialidade dos dados pessoais dos utilizadores do nosso site \u00e9 importante para a Lifesom. Todas as informa\u00e7\u00f5es pessoais relativas a membros, assinantes, clientes ou visitantes que usem &hellip; Pol\u00edtica de privacidade Read More &raquo;","og_url":"https:\/\/lifesom.com.br\/?page_id=3","og_site_name":"lifesom.com.br","article_modified_time":"2023-10-16T14:30:15+00:00","twitter_card":"summary_large_image","twitter_misc":{"Est. reading time":"3 minutes"},"schema":{"@context":"https:\/\/schema.org","@graph":[{"@type":"WebPage","@id":"https:\/\/lifesom.com.br\/?page_id=3","url":"https:\/\/lifesom.com.br\/?page_id=3","name":"Pol\u00edtica de privacidade - lifesom.com.br","isPartOf":{"@id":"https:\/\/lifesom.com.br\/#website"},"datePublished":"2023-10-11T16:01:39+00:00","dateModified":"2023-10-16T14:30:15+00:00","breadcrumb":{"@id":"https:\/\/lifesom.com.br\/?page_id=3#breadcrumb"},"inLanguage":"en-US","potentialAction":[{"@type":"ReadAction","target":["https:\/\/lifesom.com.br\/?page_id=3"]}]},{"@type":"BreadcrumbList","@id":"https:\/\/lifesom.com.br\/?page_id=3#breadcrumb","itemListElement":[{"@type":"ListItem","position":1,"name":"Home","item":"https:\/\/lifesom.com.br\/"},{"@type":"ListItem","position":2,"name":"Pol\u00edtica de privacidade"}]},{"@type":"WebSite","@id":"https:\/\/lifesom.com.br\/#website","url":"https:\/\/lifesom.com.br\/","name":"lifesom.com.br","description":"Lifesom Aparelhos Auditivos","publisher":{"@id":"https:\/\/lifesom.com.br\/#organization"},"potentialAction":[{"@type":"SearchAction","target":{"@type":"EntryPoint","urlTemplate":"https:\/\/lifesom.com.br\/?s={search_term_string}"},"query-input":"required name=search_term_string"}],"inLanguage":"en-US"},{"@type":"Organization","@id":"https:\/\/lifesom.com.br\/#organization","name":"lifesom.com.br","url":"https:\/\/lifesom.com.br\/","logo":{"@type":"ImageObject","inLanguage":"en-US","@id":"https:\/\/lifesom.com.br\/#\/schema\/logo\/image\/","url":"https:\/\/lifesom.com.br\/wp-content\/uploads\/2021\/07\/Logo_Lifesom_cores_novas_page-0001-removebg-preview.png","contentUrl":"https:\/\/lifesom.com.br\/wp-content\/uploads\/2021\/07\/Logo_Lifesom_cores_novas_page-0001-removebg-preview.png","width":594,"height":420,"caption":"lifesom.com.br"},"image":{"@id":"https:\/\/lifesom.com.br\/#\/schema\/logo\/image\/"}}]}},"_links":{"self":[{"href":"https:\/\/lifesom.com.br\/index.php?rest_route=\/wp\/v2\/pages\/3"}],"collection":[{"href":"https:\/\/lifesom.com.br\/index.php?rest_route=\/wp\/v2\/pages"}],"about":[{"href":"https:\/\/lifesom.com.br\/index.php?rest_route=\/wp\/v2\/types\/page"}],"author":[{"embeddable":true,"href":"https:\/\/lifesom.com.br\/index.php?rest_route=\/wp\/v2\/users\/1"}],"replies":[{"embeddable":true,"href":"https:\/\/lifesom.com.br\/index.php?rest_route=%2Fwp%2Fv2%2Fcomments&post=3"}],"version-history":[{"count":7,"href":"https:\/\/lifesom.com.br\/index.php?rest_route=\/wp\/v2\/pages\/3\/revisions"}],"predecessor-version":[{"id":936,"href":"https:\/\/lifesom.com.br\/index.php?rest_route=\/wp\/v2\/pages\/3\/revisions\/936"}],"wp:attachment":[{"href":"https:\/\/lifesom.com.br\/index.php?rest_route=%2Fwp%2Fv2%2Fmedia&parent=3"}],"curies":[{"name":"wp","href":"https:\/\/api.w.org\/{rel}","templated":true}]}}